{"id":95,"date":"2011-01-07T21:31:32","date_gmt":"2011-01-07T20:31:32","guid":{"rendered":"http:\/\/schueler.ws\/wordpress\/?page_id=95"},"modified":"2014-12-26T20:39:28","modified_gmt":"2014-12-26T19:39:28","slug":"latex-workshop","status":"publish","type":"page","link":"https:\/\/schueler.ws\/en\/artikel\/latex-workshop\/","title":{"rendered":"(Deutsch) LaTeX-Workshop"},"content":{"rendered":"<p class=\"qtranxs-available-languages-message qtranxs-available-languages-message-en\">Sorry, this entry is only available in <a href=\"https:\/\/schueler.ws\/de\/wp-json\/wp\/v2\/pages\/95\" class=\"qtranxs-available-language-link qtranxs-available-language-link-de\" title=\"Deutsch\">Deutsch<\/a>.<\/p><p>Im Rahmen der <a href=\"http:\/\/www.fosslc.de\">FOSSLC<\/a> Open Source Bootcamps habe ich 2010 einen LaTeX-Workshop gehalten.<\/p>\n<p>F\u00fcr alle, die es nicht wissen, LaTeX ist ein Textsatzsystem, dass vorwiegend f\u00fcr technisch-Wissenschaftliche Texte entwickelt wurde. Ziel des Workshops war eine Einf\u00fchrung und erste Impression \u00fcber die Benutzung von LaTeX zu geben und \u00fcber die ersten Klippen hinweg zu helfen.<\/p>\n<p>Der Workshop richtete sich an Studenten, die ggf. ihre Batchelor-, Master-, Diplom- oder sonstwas Projektarbeit mit diesem feinen Tool schreiben wollen.<\/p>\n<p>Die Beispiele enthalten folgende n\u00fctzliche Vorlagen:<\/p>\n<ul>\n<li>Beispiel 1 ist ein rudiment\u00e4res LaTeX-Dokument. Sozusagen ein Minimalbeispiel, das grundlegende Sachen in LaTeX demonstriert.<\/li>\n<li>Beispiel 2 ist eine Vorlage zu einer studentischen (Abschlu\u00df-) Arbeit. Dieses Beispiel ist sehr umfangreich und demonstriert eigentlich fast alles, was man \u00fcblicherweise braucht.<\/li>\n<li>Beispiel 3 zeigt, wie man einen Brief in LaTeX schreibt. Das braucht man ja auch recht oft.<\/li>\n<li>Beispiel 4 ist schlie\u00dflich eine Vorlage zu einem Serienbrief. Auch das geht mit LaTeX flott von der Hand.<\/li>\n<\/ul>\n<p>Alle Beipiele als ZIP-Datei:<\/p>\n<a href=\"https:\/\/schueler.ws\/en\/?ddownload=1169\" title=\"Download\" rel=\"nofollow\" class=\"ddownload-button button-green id-1169 ext-zip\">Download<\/a>\n<p>Der Vortrag selbst wurde ebenfalls in LaTeX erstellt. Die Beamer-Klasse liefert ja auf einfache Weise sehr sch\u00f6ne Pr\u00e4sentationen als PDF.<\/p>\n<p><a href=\"http:\/\/www.schueler.ws\/download\/fosslc_latex.pdf\"><strong>PDF-Datei der Pr\u00e4sentation<\/strong><\/a><\/p>\n<p>Quellen der Pr\u00e4sentation als Vorlage:<\/p>\n<a href=\"https:\/\/schueler.ws\/en\/?ddownload=1170\" title=\"Download\" rel=\"nofollow\" class=\"ddownload-button button-green id-1170 ext-zip\">Download<\/a>\n<p><\/p>","protected":false},"excerpt":{"rendered":"<p>Sorry, this entry is only available in Deutsch.Im Rahmen der FOSSLC Open Source Bootcamps habe ich 2010 einen LaTeX-Workshop gehalten. F\u00fcr alle, die es nicht wissen, LaTeX ist ein Textsatzsystem, dass vorwiegend f\u00fcr technisch-Wissenschaftliche Texte entwickelt wurde. Ziel des Workshops &hellip; <a href=\"https:\/\/schueler.ws\/en\/artikel\/latex-workshop\/\">Continue reading <span class=\"meta-nav\">&rarr;<\/span><\/a><\/p>\n","protected":false},"author":1,"featured_media":0,"parent":6,"menu_order":3,"comment_status":"open","ping_status":"closed","template":"","meta":{"_seopress_robots_primary_cat":"","_seopress_titles_title":"","_seopress_titles_desc":"","_seopress_robots_index":"","ngg_post_thumbnail":0,"footnotes":""},"class_list":["post-95","page","type-page","status-publish","hentry"],"_links":{"self":[{"href":"https:\/\/schueler.ws\/en\/wp-json\/wp\/v2\/pages\/95","targetHints":{"allow":["GET"]}}],"collection":[{"href":"https:\/\/schueler.ws\/en\/wp-json\/wp\/v2\/pages"}],"about":[{"href":"https:\/\/schueler.ws\/en\/wp-json\/wp\/v2\/types\/page"}],"author":[{"embeddable":true,"href":"https:\/\/schueler.ws\/en\/wp-json\/wp\/v2\/users\/1"}],"replies":[{"embeddable":true,"href":"https:\/\/schueler.ws\/en\/wp-json\/wp\/v2\/comments?post=95"}],"version-history":[{"count":6,"href":"https:\/\/schueler.ws\/en\/wp-json\/wp\/v2\/pages\/95\/revisions"}],"predecessor-version":[{"id":1168,"href":"https:\/\/schueler.ws\/en\/wp-json\/wp\/v2\/pages\/95\/revisions\/1168"}],"up":[{"embeddable":true,"href":"https:\/\/schueler.ws\/en\/wp-json\/wp\/v2\/pages\/6"}],"wp:attachment":[{"href":"https:\/\/schueler.ws\/en\/wp-json\/wp\/v2\/media?parent=95"}],"curies":[{"name":"wp","href":"https:\/\/api.w.org\/{rel}","templated":true}]}}