{"id":84,"date":"2011-01-05T22:30:11","date_gmt":"2011-01-05T21:30:11","guid":{"rendered":"http:\/\/schueler.ws\/wordpress\/?page_id=84"},"modified":"2011-01-12T21:55:06","modified_gmt":"2011-01-12T20:55:06","slug":"medizinische-themen","status":"publish","type":"page","link":"https:\/\/schueler.ws\/en\/artikel\/medizinische-themen\/","title":{"rendered":"(Deutsch) Medizinische Themen"},"content":{"rendered":"<p class=\"qtranxs-available-languages-message qtranxs-available-languages-message-en\">Sorry, this entry is only available in <a href=\"https:\/\/schueler.ws\/de\/wp-json\/wp\/v2\/pages\/84\" class=\"qtranxs-available-language-link qtranxs-available-language-link-de\" title=\"Deutsch\">Deutsch<\/a>.<\/p><p>Nachfolgend finden Sie einige Artikel von mir, die medizinischen oder medizintechnischen Themen gewidmet sind. Ich war lange Jahre in der Entwicklung medizinischer Ger\u00e4te t\u00e4tig und habe auch auf dem Gebiet der medizinischen Messtechnik geforscht und promoviert.<\/p>\n<p>Im wesentlichen handelt es sich um die medizinischen Fachbereiche der Angiologie, Phlebologie und Kardiologie, speziell den Messmethoden Impedanzkardiographie (IKG), Impedanzplethysmographie , Rheographie und Venen-Verschlu\u00df-Plethysmographie, allesamt Methoden der Funktionsdiagnostik.<\/p>\n<p>R. Sch\u00fcler, J. Quereng\u00e4sser, K. Malinowski, C. Nachtigal<br \/>\n<strong><a href=\"http:\/\/www.schueler.ws\/science\/087_schueler_ralf.pdf\" target=\"_blank\">[PDF 221k] Strategie zur Optimierung des VV-Delays biventrikul\u00e4rer Herzschrittmacher mittels Impedanzkardiographie<\/a><\/strong><br \/>\nVortrag auf der 38. Jahrestagung der DGBMT, Ilmenau 2004<\/p>\n<p>English abstract of the above german article: <em>Strategy for the optimization of the VV-delay biventricular pacemakers with impedance cardiography<\/em><\/p>\n<p>Measurements with impedance cardiography show that the VV-Delay in  biventricular pacemakers has a great influence on the cardiac output and  the contractility of the heart. Therefore, it is necessary to check the  individual VV-delay of every patient. A suitable method is the  noninvasive and easy to use impedance cardiography. The optimization of  the hemodynamic should base on the parameters Velocity Index,  Acceleration Index and the O\/C-Ratio. With respect to Stroke Volume and  Cardiac Output we observed problems in the detection of the aortic valve  closing due to unphysiological ejection pattern in some patients.  Consequently these parameters are not reliable in all cases. After  reprogramming the pacemaker an adaptation period of approx. 2-3 minutes  has to be maintained before the hemodynamic state can be measured.<\/p>\n<p>M. Heinke, H. K\u00fchnert, R. Surber, G. Dannberg, H. H. Sigusch, H. R. Figulla, O. Solbrig, R. Sch\u00fcler<br \/>\n<strong>Atrioventrikul\u00e4res und interventrikul\u00e4res Delay bei biventrikul\u00e4rer Resynchronisationstherapie mit VAT-Stimmulation<\/strong><br \/>\nVortrag auf der 38. Jahrestagung der DGBMT, Ilmenau 2004<\/p>\n<p>Sch\u00fcler, Ralf<br \/>\n<strong><a href=\"http:\/\/schueler.ws\/?page_id=10\" target=\"_self\">Neue methodische Ans\u00e4tze zur Objektivierung von Diagnostik und Therapiekontrolle bei ven\u00f6sen Insuffizienzen der unteren Extremit\u00e4ten<\/a><\/strong><br \/>\nDissertation zur Erlangung des Grades Dr.-Ing.<br \/>\nISLE Verlag Ilmenau 2001, ISBN 3-932633-61-X<\/p>\n<p>Sch\u00fcler, Ralf<br \/>\n<strong><a href=\"http:\/\/schueler.ws\/?page_id=13\">Apparative Gef\u00e4\u00dfdiagnostik,<\/a> Untersuchungsmethoden und deren Anwendung<\/strong><br \/>\nISLE Verlag Ilmenau 1998, ISBN 3-932633-16-4<\/p>\n<p>Sch\u00fcler, Ralf<br \/>\n<strong><a href=\"http:\/\/schueler.ws\/?page_id=17\" target=\"_self\">Methodische Untersuchungen und Modellbetrachtungen zur Venen-Verschlu\u00df-Plethysmographie<\/a><\/strong><br \/>\n42. Internationales Wissenschaftliches Kolloquium TU Ilmenau 1997,<br \/>\nBand 2 S. 85ff.<\/p>\n<p>Sch\u00fcler, Ralf<br \/>\n<strong>Die diagnostische Wertigkeit der impedanzkardiographischen Kurvenform<\/strong><br \/>\n3. Nationale Konferenz der International Hemodynamic Society, Hamburg 2001<\/p>\n<p>Sch\u00fcler, Ralf<br \/>\n<strong><a href=\"http:\/\/schueler.ws\/?page_id=21\" target=\"_self\">Improving the accuracy of venous occlusion plethysmography with impedance method<\/a><\/strong><br \/>\nProceedings of the IX. International Conference on electrical Bio-Impedance,<br \/>\nHeidelberg 1995, S. 295ff<\/p>\n<p>Sch\u00fcler, Ralf<br \/>\n<strong><a href=\"http:\/\/schueler.ws\/?page_id=23\">Spezifik der Impedanzkardiographie an Schrittmacherpatienten<\/a><\/strong><br \/>\n29. Internationales Wissenschaftliches Kolloquium TU Ilmenau 1994,<br \/>\nBand 2 S. 315ff.<\/p>\n<p>M. Heinke, H. K\u00fchnert, L. Breuel, G. Dannberg, S. M\u00fcller, R. Sch\u00fcler, O.<br \/>\nSolbrig<br \/>\n<strong>Herzschrittmacheroptimierung durch individuelle Programmierung der<\/strong><br \/>\n<strong>AV-Zeit mit Hilfe der Impedanzkardiographie<\/strong><br \/>\nPoster auf der Interhospital &#8217;95<\/p>\n<p>Sch\u00fcler, R.; Breuel, L.; Volkmann, H.; Heinke, M. Posdzech, O.; Solbrig, O.<br \/>\n<strong>Problems with the Application of Impedance Cardiography on Pacemaker Patients<\/strong><br \/>\nProceedings of the 8th International Conference on electrical Bio-Impedance,<br \/>\nKuopio 1992, S. 223ff.<\/p>\n<p>Schwarz, G.; Weidl, R.; D\u00f6rrer, L.; Sch\u00fcler, R.; Nowak, H.; Seidel, P.:<br \/>\n<strong>First clinical experiments to use magnetocardiography in unshielded environment to diagnose ischemic conditions.<\/strong><br \/>\nIn: Medical &amp; Biological Engineering &amp; Computing 37 (1999), 81~ff<\/p>","protected":false},"excerpt":{"rendered":"<p>Sorry, this entry is only available in Deutsch.Nachfolgend finden Sie einige Artikel von mir, die medizinischen oder medizintechnischen Themen gewidmet sind. Ich war lange Jahre in der Entwicklung medizinischer Ger\u00e4te t\u00e4tig und habe auch auf dem Gebiet der medizinischen Messtechnik &hellip; <a href=\"https:\/\/schueler.ws\/en\/artikel\/medizinische-themen\/\">Continue reading <span class=\"meta-nav\">&rarr;<\/span><\/a><\/p>\n","protected":false},"author":1,"featured_media":0,"parent":6,"menu_order":0,"comment_status":"open","ping_status":"open","template":"","meta":{"_seopress_robots_primary_cat":"","_seopress_titles_title":"","_seopress_titles_desc":"","_seopress_robots_index":"","ngg_post_thumbnail":0,"footnotes":""},"class_list":["post-84","page","type-page","status-publish","hentry"],"_links":{"self":[{"href":"https:\/\/schueler.ws\/en\/wp-json\/wp\/v2\/pages\/84","targetHints":{"allow":["GET"]}}],"collection":[{"href":"https:\/\/schueler.ws\/en\/wp-json\/wp\/v2\/pages"}],"about":[{"href":"https:\/\/schueler.ws\/en\/wp-json\/wp\/v2\/types\/page"}],"author":[{"embeddable":true,"href":"https:\/\/schueler.ws\/en\/wp-json\/wp\/v2\/users\/1"}],"replies":[{"embeddable":true,"href":"https:\/\/schueler.ws\/en\/wp-json\/wp\/v2\/comments?post=84"}],"version-history":[{"count":3,"href":"https:\/\/schueler.ws\/en\/wp-json\/wp\/v2\/pages\/84\/revisions"}],"predecessor-version":[{"id":113,"href":"https:\/\/schueler.ws\/en\/wp-json\/wp\/v2\/pages\/84\/revisions\/113"}],"up":[{"embeddable":true,"href":"https:\/\/schueler.ws\/en\/wp-json\/wp\/v2\/pages\/6"}],"wp:attachment":[{"href":"https:\/\/schueler.ws\/en\/wp-json\/wp\/v2\/media?parent=84"}],"curies":[{"name":"wp","href":"https:\/\/api.w.org\/{rel}","templated":true}]}}