{"id":152,"date":"2011-02-16T14:10:59","date_gmt":"2011-02-16T13:10:59","guid":{"rendered":"http:\/\/schueler.ws\/?page_id=152"},"modified":"2014-12-26T20:27:14","modified_gmt":"2014-12-26T19:27:14","slug":"reaktionstest","status":"publish","type":"page","link":"https:\/\/schueler.ws\/en\/projekte\/reaktionstest\/","title":{"rendered":"(Deutsch) Reaktionstest"},"content":{"rendered":"<p class=\"qtranxs-available-languages-message qtranxs-available-languages-message-en\">Sorry, this entry is only available in <a href=\"https:\/\/schueler.ws\/de\/wp-json\/wp\/v2\/pages\/152\" class=\"qtranxs-available-language-link qtranxs-available-language-link-de\" title=\"Deutsch\">Deutsch<\/a>.<\/p><p>Dieses Programm zur Ermittlung der Reaktionsgeschwindigkeit schrieb ich f\u00fcr eine schulische Facharbeit meiner Tochter Ricarda. In der Facharbeit ging es um die Auswirkung von Koffein (also Kaffee) auf die Reaktionsgeschwindigkeit. N\u00e4heres zu diesem Test wird nachfolgend erl\u00e4utert. Vorwegnehmend kann ich hier aber schon einmal sagen, dass der Test wunderbar geklappt hat. Mit diesem recht simplen PC-Programm kann man tats\u00e4chlich &#8220;medikamenteninduzierte&#8221; Reaktionsverm\u00f6gens\u00e4nderungen messen.<\/p>\n<p>Die hier ver\u00f6ffentlichte Version wurde noch ein klein wenig aufgepeppt, um den Spielwert zu erh\u00f6hen (z.B. mit einer Highscore-Liste).<\/p>\n<h3> Arbeitsweise des Programms <\/h3>\n<p>Nach Starten des Tests legt sich ein schwarzes Fenster \u00fcber den Bildschirm und irgendwann (Zeitintervall einstellbar, default zwischen 2 und 7 s) erscheint ein kleiner gelber Kreis. Der Proband dr\u00fcckt nach Erscheinen des Kreises so schnell wie m\u00f6glich die Leertaste. Der Kreis verschwindet wieder und irgendwann im einstellbarem Zeitintervall erscheint der n\u00e4chste Kreis. Das Programm misst die Zeit vom Anzeigen des gelben Kreises bis zum Dr\u00fccken der Leertaste. Die Anzahl der Wiederholungen ist auch konfigurierbar, sollte aber nicht unter 20 liegen.<\/p>\n<p>Um den Schwierigkeitsgrad zu erh\u00f6hen, erscheint der Kreis an einer zuf\u00e4lligen Position. Dies ist aber abschaltbar. Dann erscheint er immer in der Mitte. Unter Umst\u00e4nden werden durch beide Varianten aber leicht unterschiedliche Vorg\u00e4nge im Gehirn angesprochen, so dass die Ergebnisse vor allem bei Medikamententests nicht gleich ausfallen m\u00fcssen.<\/p>\n<h3> Auswertung <\/h3>\n<p>In der Facharbeit hat Ricarda die Auswertung etwas n\u00e4her untersucht. Eine einfache Mittelwertbildung erwies sich als nicht so g\u00fcnstig, da<\/p>\n<ul>\n<li> die meisten Probanden offensichtlich ein bis zwei Versuche ben\u00f6tigen, um sich auf den Test einzustellen. Die ersten beiden Werte werden also verworfen.<\/li>\n<li> es w\u00e4hrend des Tests schon mal St\u00f6rungen und Ablenkungen gibt, die zu einzelnen Ausreisern f\u00fchren. Da wir hier die medikamenteninduzierte Reaktionsf\u00e4higkeits\u00e4nderung messen wollen, w\u00e4ren diese Ausreiser st\u00f6rend. Deshalb werden auch alle Werte, die au\u00dferhalb der typischen Streubreite der anderen Werte liegen, verworfen.<\/li>\n<\/ul>\n<p>Um einen Mittelwert als Ergebnis zu bilden, m\u00fcssen mindestens zwei Werte \u00fcbrig bleiben. Eine Teststrecke mit weniger als 10 Reaktionszeiten ist deshalb nicht zielf\u00fchrend. Andererseits sollte der Test auch nicht zu lange dauern,  so dass ich so zwischen 20 und 30 Messzyklen (also Kreis erscheint, Leertaste dr\u00fccken) empfehle.<\/p>\n<h3> Latenzen des Computers und  externe Messbox<\/h3>\n<p>Es stellte sich die Frage, ob mit einem Windows-PC \u00fcberhaupt sowas messbar ist, oder ob Windows das Dr\u00fccken der Tastatur so weit verschleift, dass hinreichend exakte Messungen nicht mehr m\u00f6glich werden.<\/p>\n<p>Deshalb haben wir eine externe &#8220;Schaltbox&#8221; gebaut (mikroprozessorgesteuert)  und an das Programm angeschlossen. Diese Schaltbox hat eine LED und einen Taster und ist \u00fcber eine RS232-Verbindung mit dem PC verbunden. Das Programm sendet (anstelle des Anzeigen des gelben Kreises) einen Befehl zur Schaltbox. Diese l\u00e4sst die LED aufleuchten, misst die Zeit bis zum Dr\u00fccken des Tasters und \u00fcbertr\u00e4gt das Ergebnis zum PC. Diese Zeit kann mit einer Genauigkeit von bis zu 2 Mikrosekunden erfasst werden und ist v\u00f6llig unabh\u00e4ngig von den Vorg\u00e4ngen im PC.<\/p>\n<p>Im Ergebnis erh\u00e4lt man ca. 100ms kleinere Reaktionszeiten. Der PC verschleift also die Tastatureingabe um ca. 100ms, bis diese beim Programm ankommt. Die Aussagekraft hinsichtlich der \u00c4nderung nach Kaffeegenu\u00df war davon aber unbeeinflusst, so dass man davon ausgehen kann, dass die Messung mit dem PC hinreichend genau ist.<\/p>\n<p>Die Schaltbox hat aber f\u00fcr wissenschaftliche Anwendungen noch weitere Vorteile: Anstelle der LED und des Tasters bietet sie noch weitere drei Ausg\u00e4nge zum Schalten irgendwelcher Sachen (Lampen, Piepser &#8230;) und drei Eing\u00e4nge zum Erfassen einer Reaktion. Damit lassen sich also gr\u00f6\u00dfere wissenschaftliche Experimente gestalten. Man k\u00f6nnte damit z.B. die Unterschiede in der Reaktion zwischen visuellen und akustischen Reizen untersuchen.<\/p>\n<p>Wenn Interesse besteht, k\u00f6nnte ich eine Schaltbox auf Nachfrage aufbauen.<\/p>\n<h3> Bedienung des Programms <\/h3>\n<p>Die Bedienung ist denkbar einfach. Nach Programmstart sieht man das Kontrolpanel. Wenn man vor Beginn des Tests einen Namen eingibt, wird das Ergebnis in die Highscore-Liste \u00fcbernommen.<\/p>\n<p><a href=\"http:\/\/schueler.ws\/wp-content\/uploads\/2011\/02\/reacttest1.png\"><img loading=\"lazy\" decoding=\"async\" src=\"http:\/\/schueler.ws\/wp-content\/uploads\/2011\/02\/reacttest1.png\" alt=\"\" title=\"reacttest1\" width=\"454\" height=\"430\" class=\"alignleft size-full wp-image-167\" srcset=\"https:\/\/schueler.ws\/wp-content\/uploads\/2011\/02\/reacttest1.png 454w, https:\/\/schueler.ws\/wp-content\/uploads\/2011\/02\/reacttest1-300x284.png 300w\" sizes=\"auto, (max-width: 454px) 100vw, 454px\" \/><\/a><\/p>\n<p>Ein Mausklick auf &#8220;Los geht&#8217;s&#8221; und der Test beginnt. Es wird ein bildschirmf\u00fcllendes schwarzes Fenster angezeigt. Irgendwann erscheint irgendwo in diesem schwarzen Fenster ein gelber Kreis. Sobald dieser erscheint, dr\u00fcckt man die Leertaste und schon hat das Programm den ersten Messwert ermittelt. Der Kreis verschwindet wieder und wenn der n\u00e4chste auftaucht, dr\u00fcckt man die Leertaste so schnell wie m\u00f6glich wieder. Das wiederholt sich so oft, wie dies in den Einstellungen konfiguriert ist (default: 20 mal). Wenn der Test zu Ende ist, wird man aufgefordert, Esc zu dr\u00fccken, um zum Kontrolpanel zur\u00fcckzukehren. Mit Esc kann man den Test auch vorzeitig abbrechen.<\/p>\n<p><a href=\"http:\/\/schueler.ws\/wp-content\/uploads\/2011\/02\/reacttest3.png\"><img loading=\"lazy\" decoding=\"async\" src=\"http:\/\/schueler.ws\/wp-content\/uploads\/2011\/02\/reacttest3-1024x725.png\" alt=\"\" title=\"reacttest3\" width=\"640\" height=\"453\" class=\"alignleft size-large wp-image-166\" srcset=\"https:\/\/schueler.ws\/wp-content\/uploads\/2011\/02\/reacttest3-1024x725.png 1024w, https:\/\/schueler.ws\/wp-content\/uploads\/2011\/02\/reacttest3-300x212.png 300w, https:\/\/schueler.ws\/wp-content\/uploads\/2011\/02\/reacttest3.png 1279w\" sizes=\"auto, (max-width: 640px) 100vw, 640px\" \/><\/a><\/p>\n<p>Man sollte aber nat\u00fcrlich nicht auf die Idee kommen, dauerhaft die Leertaste zu dr\u00fccken, um die schnellste Reaktionszeit zu schaffen. Das Programm merkt zu viele &#8220;Fehlreaktionen&#8221; und bricht dann den Test ab.<\/p>\n<p>Nach dem Test wird die Reaktionszeit berechnet und ggf. in die Highscoreliste eingetragen. <\/p>\n<p>Mit &#8220;Speichern&#8221; kann man eine Textdatei schreiben, in der alle einzelnen Reaktionszeiten des letzten Tests als Spalte untereinander stehen. Dies ist gedacht, um solche Tests anderweitig auswerten zu k\u00f6nnen.<\/p>\n<h3> Einstellm\u00f6glichkeiten <\/h3>\n<p><a href=\"http:\/\/schueler.ws\/wp-content\/uploads\/2011\/02\/reacttest2.png\"><img loading=\"lazy\" decoding=\"async\" src=\"http:\/\/schueler.ws\/wp-content\/uploads\/2011\/02\/reacttest2.png\" alt=\"\" title=\"reacttest2\" width=\"291\" height=\"399\" class=\"alignleft size-full wp-image-168\" srcset=\"https:\/\/schueler.ws\/wp-content\/uploads\/2011\/02\/reacttest2.png 291w, https:\/\/schueler.ws\/wp-content\/uploads\/2011\/02\/reacttest2-218x300.png 218w\" sizes=\"auto, (max-width: 291px) 100vw, 291px\" \/><\/a><\/p>\n<p>Ist der Haken bei &#8220;zuf\u00e4llige Bildschirmposition&#8221; gesetzt, erscheint der gelbe Kreis irgendwo auf dem Bildschirm (was ich empfehle) und der Proband kann sich nicht auf eine Position fixieren. Ist der Haken entfernt, erscheint der Kreis immer in der Fenstermitte.<\/p>\n<p>Da niemand eine entsprechende Schaltbox hat, sollten die Einstellungen hierf\u00fcr nat\u00fcrlich tunlichst nicht ge\u00e4ndert werden.<\/p>\n<p>Was aber \u00f6fter individuell angepasst werden wird, sind die Anzahl der Testzyklen und der Erwartungszeitraum, in dem der Kreis erscheinen wird. Ich denke, diese Einstellungen sind weitgehend selbsterkl\u00e4rend.<\/p>\n<h3> Download <\/h3>\n<p>&#8211; Bitte die <a href=\"http:\/\/schueler.ws\/?page_id=150\">Nutzungsbedingungen<\/a> zur Kenntnis nehmen &#8211; <\/p>\n<p>Das Programm muss nicht installiert werden. Einfach die ZIP-Datei in ein leeres Verzeichnis auspacken und reacttest.exe starten.<\/p>\n<a href=\"https:\/\/schueler.ws\/en\/?ddownload=1161\" title=\"Download\" rel=\"nofollow\" class=\"ddownload-button button-green id-1161 ext-zip\">Download<\/a>\n<p>Das Programm ist f\u00fcr Windows geschrieben und getestet. Es w\u00e4re aber auch eine Linux-Variante m\u00f6glich. Fragt mich einfach mal.<\/p>\n<p>Und hier ist auch die Facharbeit, die Ricarda in der 9. Klasse (!!) \u00fcber die Beeinflussung der Reaktionszeit nach Kaffeegenu\u00df geschrieben hat.<\/p>\n<p><a href='http:\/\/schueler.ws\/wp-content\/uploads\/2011\/02\/facharbeit_Koffein.pdf'>Facharbeit_Koffein.pdf<\/a><\/p>\n<p><\/p>","protected":false},"excerpt":{"rendered":"<p>Sorry, this entry is only available in Deutsch.Dieses Programm zur Ermittlung der Reaktionsgeschwindigkeit schrieb ich f\u00fcr eine schulische Facharbeit meiner Tochter Ricarda. In der Facharbeit ging es um die Auswirkung von Koffein (also Kaffee) auf die Reaktionsgeschwindigkeit. N\u00e4heres zu diesem &hellip; <a href=\"https:\/\/schueler.ws\/en\/projekte\/reaktionstest\/\">Continue reading <span class=\"meta-nav\">&rarr;<\/span><\/a><\/p>\n","protected":false},"author":3,"featured_media":0,"parent":150,"menu_order":0,"comment_status":"open","ping_status":"open","template":"","meta":{"_seopress_robots_primary_cat":"","_seopress_titles_title":"","_seopress_titles_desc":"","_seopress_robots_index":"","ngg_post_thumbnail":0,"footnotes":""},"class_list":["post-152","page","type-page","status-publish","hentry"],"_links":{"self":[{"href":"https:\/\/schueler.ws\/en\/wp-json\/wp\/v2\/pages\/152","targetHints":{"allow":["GET"]}}],"collection":[{"href":"https:\/\/schueler.ws\/en\/wp-json\/wp\/v2\/pages"}],"about":[{"href":"https:\/\/schueler.ws\/en\/wp-json\/wp\/v2\/types\/page"}],"author":[{"embeddable":true,"href":"https:\/\/schueler.ws\/en\/wp-json\/wp\/v2\/users\/3"}],"replies":[{"embeddable":true,"href":"https:\/\/schueler.ws\/en\/wp-json\/wp\/v2\/comments?post=152"}],"version-history":[{"count":9,"href":"https:\/\/schueler.ws\/en\/wp-json\/wp\/v2\/pages\/152\/revisions"}],"predecessor-version":[{"id":1164,"href":"https:\/\/schueler.ws\/en\/wp-json\/wp\/v2\/pages\/152\/revisions\/1164"}],"up":[{"embeddable":true,"href":"https:\/\/schueler.ws\/en\/wp-json\/wp\/v2\/pages\/150"}],"wp:attachment":[{"href":"https:\/\/schueler.ws\/en\/wp-json\/wp\/v2\/media?parent=152"}],"curies":[{"name":"wp","href":"https:\/\/api.w.org\/{rel}","templated":true}]}}