{"id":13,"date":"2011-01-01T18:17:11","date_gmt":"2011-01-01T17:17:11","guid":{"rendered":"http:\/\/schueler.ws\/wordpress\/?page_id=13"},"modified":"2011-01-05T22:52:20","modified_gmt":"2011-01-05T21:52:20","slug":"apparative-gefasdiagnostik","status":"publish","type":"page","link":"https:\/\/schueler.ws\/en\/artikel\/medizinische-themen\/apparative-gefasdiagnostik\/","title":{"rendered":"(Deutsch) Apparative Gef\u00e4\u00dfdiagnostik"},"content":{"rendered":"<p class=\"qtranxs-available-languages-message qtranxs-available-languages-message-en\">Sorry, this entry is only available in <a href=\"https:\/\/schueler.ws\/de\/wp-json\/wp\/v2\/pages\/13\" class=\"qtranxs-available-language-link qtranxs-available-language-link-de\" title=\"Deutsch\">Deutsch<\/a>.<\/p><p><strong>Ralf Sch\u00fcler<\/strong><\/p>\n<h1>Apparative Gef\u00e4\u00dfdiagnostik<\/h1>\n<p><a href=\"http:\/\/www.schueler.ws\/img\/appd1.jpg\"><img loading=\"lazy\" decoding=\"async\" src=\"http:\/\/www.schueler.ws\/img\/appd2.jpg\" alt=\"Titelbild\" width=\"216\" height=\"303\" align=\"CENTER\" \/><\/a><\/p>\n<h2>Text auf Buchr\u00fccken<\/h2>\n<p>Dieses Buch beschreibt funktionelle Methoden der Gef\u00e4\u00dfdiagnostik aus vorwiegend anwendungsorientierter Sicht. Dabei steht nicht die eigentliche medizinische Diagnostik, sondern die praktische Anwendung und Handhabung verschiedener apparativer Methoden im Vordergrund. Es werden folgende Verfahren detailliert beschrieben: Venen-Verschlu\u00df-Plethysmographie (VVP), Rheographie, Photo-Plethysmographie (PPG, D-PPG), Licht-Reflexions-Rheographie (LRR), Phlebodynamometrie und periphere Blutdruckmessung.<\/p>\n<p>Das Buch richtet sich an alle praktisch t\u00e4tigen \u00c4rzte, die mit Erkrankungen der peripheren Arterien und Venen zu tun haben, sowie an Studenten der Medizin und Medizintechnik. Das Anliegen des Autors ist es, den Einstieg in diese Methoden zu erleichtern. Die ausf\u00fchrlichen Hintergrundinformationen und die Diskussion neuer Aspekte sind aber auch f\u00fcr erfahrene Anwender interessant.<\/p>\n<h2>Inhaltsverzeichnis<\/h2>\n<p>Vorwort 3<\/p>\n<p><strong>1. Einleitung 9<\/strong><\/p>\n<p><strong>2. Methoden der Funktionsdiagnostik 11<\/strong><\/p>\n<p><strong>3. Grundlagen der Me\u00dfverfahren 17<\/strong><br \/>\n3.1 Impedanz-Plethysmographie \/ Rheographie 17<br \/>\n3.2 Licht-Reflexions-Rheographie \/ Photo-Plethysmographie 23<br \/>\n3.3 Dehnungsme\u00dfstreifen-Plethysmographie 27<br \/>\n3.4 Luft-Plethysmographie \/ Oszillographie 29<\/p>\n<p><strong>4. Rheographische Pulswellenanalyse 33<\/strong><\/p>\n<p><strong>5. Photo-plethysmographische Pulswellenanalyse 57<\/strong><\/p>\n<p><strong>6. Provokationsuntersuchungen mit Photo-Plethysmographie 67<\/strong><br \/>\n6.1 Diagnostik des Thoractic-outlet Syndroms 67<br \/>\n6.2 Diagnostik funktioneller Durchblutungsst\u00f6rungen 69<\/p>\n<p><strong>7. Rheoenzephalographie 73<\/strong><\/p>\n<p><strong>8. Arterielle Venen-Verschlu\u00df-Plethysmographie 87<\/strong><\/p>\n<p><strong>9. Ven\u00f6se Venen-Verschlu\u00df-Plethysmographie 105<\/strong><\/p>\n<p><strong>10. Muskelpumpentest 125<\/strong><\/p>\n<p><strong>11. Phlebodynamometrie 139<\/strong><\/p>\n<p>1<strong>2. Rheographische \/ photoplethysmographische periphere Druckmessung 153<\/strong><\/p>\n<p><strong>13. Diagnostischer Stellenwert der Funktionsdiagnostik 163<\/strong><br \/>\n13.1 Herangehensweise 163<br \/>\n13.2 \u00dcbersichtsuntersuchungen 163<br \/>\n13.3 Stufendiagnostik am Beispiel der Thrombosediagnostik 167<br \/>\n13.4 Diagnostischer Stellenwert des Gef\u00e4\u00dfdopplers 170<br \/>\n13.5 Plethysmographie und Doppler-Diagnostik im Vergleich\u00a0 172<\/p>\n<p><strong>14. Wirtschaftliche Betrachtungen 175<\/strong><\/p>\n<p><strong>15. Literatur 177<\/strong><\/p>\n<h2>Bestellhinweise<\/h2>\n<p>Das Buch (Paperback A5, ca. 220 Seiten) hat die <strong>ISBN-Nummer 3-932633-16-4<\/strong>, ist aber inzwischen leider ausverkauft. Ich habe noch einige Restexemplare, stelle aber nachfolgend eine Online-Version (ohne Einband etc.) der Urfassung zur Verf\u00fcgung.<\/p>\n<p><a href=\"http:\/\/www.schueler.ws\/science\/apparative_gefaessdiag.pdf\" target=\"_blank\">Apparative Gef\u00e4\u00dfdiagnostik als PDF<\/a><\/p>\n<p>Seit der Ver\u00f6ffentlichung 1998 ist schon einige Zeit vergangen und es sind doch viele Erfahrungen hinzugekommen. Das ruft also eigentlich nach einer gr\u00fcndlichen \u00dcberarbeitung. Da ich aber inzwischen nicht mehr auf diesem Gebiet t\u00e4tig bin, fehlt mir dazu die Zeit und die materiell-praktische Unterst\u00fctzung. Wenn jemand (Arzt, der auf dem Gebiet t\u00e4tig ist, Ger\u00e4tehersteller) meint, er kann mir da helfen, k\u00f6nnen wir gern ein gemeinsames Projekt daraus machen.<\/p>","protected":false},"excerpt":{"rendered":"<p>Sorry, this entry is only available in Deutsch.Ralf Sch\u00fcler Apparative Gef\u00e4\u00dfdiagnostik Text auf Buchr\u00fccken Dieses Buch beschreibt funktionelle Methoden der Gef\u00e4\u00dfdiagnostik aus vorwiegend anwendungsorientierter Sicht. Dabei steht nicht die eigentliche medizinische Diagnostik, sondern die praktische Anwendung und Handhabung verschiedener apparativer &hellip; <a href=\"https:\/\/schueler.ws\/en\/artikel\/medizinische-themen\/apparative-gefasdiagnostik\/\">Continue reading <span class=\"meta-nav\">&rarr;<\/span><\/a><\/p>\n","protected":false},"author":1,"featured_media":0,"parent":84,"menu_order":0,"comment_status":"open","ping_status":"closed","template":"","meta":{"_seopress_robots_primary_cat":"","_seopress_titles_title":"","_seopress_titles_desc":"","_seopress_robots_index":"","_seopress_analysis_target_kw":"","ngg_post_thumbnail":0,"footnotes":""},"class_list":["post-13","page","type-page","status-publish","hentry"],"_links":{"self":[{"href":"https:\/\/schueler.ws\/en\/wp-json\/wp\/v2\/pages\/13","targetHints":{"allow":["GET"]}}],"collection":[{"href":"https:\/\/schueler.ws\/en\/wp-json\/wp\/v2\/pages"}],"about":[{"href":"https:\/\/schueler.ws\/en\/wp-json\/wp\/v2\/types\/page"}],"author":[{"embeddable":true,"href":"https:\/\/schueler.ws\/en\/wp-json\/wp\/v2\/users\/1"}],"replies":[{"embeddable":true,"href":"https:\/\/schueler.ws\/en\/wp-json\/wp\/v2\/comments?post=13"}],"version-history":[{"count":4,"href":"https:\/\/schueler.ws\/en\/wp-json\/wp\/v2\/pages\/13\/revisions"}],"predecessor-version":[{"id":16,"href":"https:\/\/schueler.ws\/en\/wp-json\/wp\/v2\/pages\/13\/revisions\/16"}],"up":[{"embeddable":true,"href":"https:\/\/schueler.ws\/en\/wp-json\/wp\/v2\/pages\/84"}],"wp:attachment":[{"href":"https:\/\/schueler.ws\/en\/wp-json\/wp\/v2\/media?parent=13"}],"curies":[{"name":"wp","href":"https:\/\/api.w.org\/{rel}","templated":true}]}}